{"id":1006,"date":"2025-05-12T09:43:45","date_gmt":"2025-05-12T07:43:45","guid":{"rendered":"https:\/\/duogramma.it\/privacy-policy\/"},"modified":"2025-05-16T11:23:01","modified_gmt":"2025-05-16T09:23:01","slug":"privacy-policy","status":"publish","type":"page","link":"https:\/\/duogramma.it\/es\/privacy-policy\/","title":{"rendered":"Pol\u00edtica de Privacidad"},"content":{"rendered":"<h2>Pol\u00edtica de Privacidad<\/h2>\n<h2>Consentimiento para el uso de cookies<\/h2>\n<p>Utilizamos cookies para garantizar el correcto funcionamiento de nuestro sitio web. Para obtener su consentimiento v\u00e1lido para el uso y almacenamiento de cookies en el navegador que utiliza para acceder a nuestro sitio web y documentarlo correctamente, utilizamos una plataforma de gesti\u00f3n de consentimientos: CookieFirst. Esta tecnolog\u00eda es proporcionada por Digital Data Solutions BV, Plantage Middenlaan 42a, 1018 DH, \u00c1msterdam, Pa\u00edses Bajos. Sitio web: <a title=\"Cookiefirst page\" href=\"https:\/\/cookiefirst.com\">https:\/\/cookiefirst.com<\/a>, conocido como CookieFirst.<\/p>\n<p>Al acceder a nuestro sitio web, se establece una conexi\u00f3n con el servidor de CookieFirst para que podamos obtener su consentimiento v\u00e1lido para el uso de ciertas cookies. CookieFirst almacena una cookie en su navegador para activar \u00fanicamente las cookies a las que ha dado su consentimiento y documentarlo correctamente. Los datos tratados se almacenan hasta que expire el plazo de conservaci\u00f3n predefinido o hasta que solicite su eliminaci\u00f3n. No obstante lo anterior, pueden aplicarse determinados plazos de conservaci\u00f3n legales.<\/p>\n<p>CookieFirst se utiliza para obtener el consentimiento legalmente requerido para el uso de cookies. La base legal es el art\u00edculo 6 (1) (c) del Reglamento General de Protecci\u00f3n de Datos (RGPD).<\/p>\n<h2>Contrato de Tratamiento de Datos<\/h2>\n<p>Hemos firmado un contrato de tratamiento de datos con CookieFirst. Este contrato, exigido por la legislaci\u00f3n de protecci\u00f3n de datos, garantiza que los datos de los visitantes de nuestro sitio web solo se traten de acuerdo con nuestras instrucciones y en cumplimiento del RGPD.<\/p>\n<h2>Archivos de Registro del Servidor<\/h2>\n<p>Nuestro sitio web y CookieFirst recopilan y almacenan autom\u00e1ticamente informaci\u00f3n en los denominados archivos de registro del servidor, que su navegador nos transmite autom\u00e1ticamente. Se recopilan los siguientes datos:<\/p>\n<ul>\n<li>El estado de su consentimiento o la revocaci\u00f3n del mismo<\/li>\n<li>Su direcci\u00f3n IP an\u00f3nima<\/li>\n<li>Informaci\u00f3n sobre su navegador<\/li>\n<li>Informaci\u00f3n sobre su dispositivo<\/li>\n<li>La fecha y hora de su visita a nuestro sitio web<\/li>\n<li>La URL de la p\u00e1gina web donde el usuario guard\u00f3 o actualiz\u00f3 sus preferencias de consentimiento<\/li>\n<li>La ubicaci\u00f3n aproximada del usuario que guard\u00f3 sus preferencias de consentimiento<\/li>\n<li>Un identificador \u00fanico universal (UUID) del visitante del sitio web que hizo clic en el banner de cookies.<\/li>\n<\/ul>\n","protected":false},"excerpt":{"rendered":"<p>Pol\u00edtica de Privacidad Consentimiento para el uso de cookies Utilizamos cookies para garantizar el correcto funcionamiento de nuestro sitio web. Para obtener su consentimiento v\u00e1lido para el uso y almacenamiento de cookies en el navegador que utiliza para acceder a nuestro sitio web y documentarlo correctamente, utilizamos una plataforma de gesti\u00f3n de consentimientos: CookieFirst. Esta [&hellip;]<\/p>\n","protected":false},"author":1,"featured_media":0,"parent":0,"menu_order":0,"comment_status":"closed","ping_status":"closed","template":"page-legal.php","meta":{"_acf_changed":false,"inline_featured_image":false,"footnotes":""},"class_list":["post-1006","page","type-page","status-publish","hentry"],"acf":[],"yoast_head":"<!-- This site is optimized with the Yoast SEO plugin v27.5 - https:\/\/yoast.com\/product\/yoast-seo-wordpress\/ -->\n<title>Pol\u00edtica de Privacidad &#8212; Duogramma\u00ae\ufe0f<\/title>\n<meta name=\"robots\" content=\"index, follow, max-snippet:-1, max-image-preview:large, max-video-preview:-1\" \/>\n<link rel=\"canonical\" href=\"https:\/\/duogramma.it\/es\/privacy-policy\/\" \/>\n<meta property=\"og:locale\" content=\"es_ES\" \/>\n<meta property=\"og:type\" content=\"article\" \/>\n<meta property=\"og:title\" content=\"Pol\u00edtica de Privacidad &#8212; Duogramma\u00ae\ufe0f\" \/>\n<meta property=\"og:description\" content=\"Pol\u00edtica de Privacidad Consentimiento para el uso de cookies Utilizamos cookies para garantizar el correcto funcionamiento de nuestro sitio web. Para obtener su consentimiento v\u00e1lido para el uso y almacenamiento de cookies en el navegador que utiliza para acceder a nuestro sitio web y documentarlo correctamente, utilizamos una plataforma de gesti\u00f3n de consentimientos: CookieFirst. Esta [&hellip;]\" \/>\n<meta property=\"og:url\" content=\"https:\/\/duogramma.it\/es\/privacy-policy\/\" \/>\n<meta property=\"og:site_name\" content=\"Duogramma\u00ae\ufe0f\" \/>\n<meta property=\"article:publisher\" content=\"https:\/\/facebook.com\/ilduogramma\" \/>\n<meta property=\"article:modified_time\" content=\"2025-05-16T09:23:01+00:00\" \/>\n<meta property=\"og:image\" content=\"https:\/\/duogramma.it\/wp-content\/uploads\/2025\/05\/duogramma_preview.jpg\" \/>\n\t<meta property=\"og:image:width\" content=\"1200\" \/>\n\t<meta property=\"og:image:height\" content=\"675\" \/>\n\t<meta property=\"og:image:type\" content=\"image\/jpeg\" \/>\n<meta name=\"twitter:card\" content=\"summary_large_image\" \/>\n<meta name=\"twitter:label1\" content=\"Tiempo de lectura\" \/>\n\t<meta name=\"twitter:data1\" content=\"2 minutos\" \/>\n<script type=\"application\/ld+json\" class=\"yoast-schema-graph\">{\"@context\":\"https:\\\/\\\/schema.org\",\"@graph\":[{\"@type\":\"WebPage\",\"@id\":\"https:\\\/\\\/duogramma.it\\\/es\\\/privacy-policy\\\/\",\"url\":\"https:\\\/\\\/duogramma.it\\\/es\\\/privacy-policy\\\/\",\"name\":\"Pol\u00edtica de Privacidad &#8212; Duogramma\u00ae\ufe0f\",\"isPartOf\":{\"@id\":\"https:\\\/\\\/duogramma.it\\\/#website\"},\"datePublished\":\"2025-05-12T07:43:45+00:00\",\"dateModified\":\"2025-05-16T09:23:01+00:00\",\"breadcrumb\":{\"@id\":\"https:\\\/\\\/duogramma.it\\\/es\\\/privacy-policy\\\/#breadcrumb\"},\"inLanguage\":\"es\",\"potentialAction\":[{\"@type\":\"ReadAction\",\"target\":[\"https:\\\/\\\/duogramma.it\\\/es\\\/privacy-policy\\\/\"]}]},{\"@type\":\"BreadcrumbList\",\"@id\":\"https:\\\/\\\/duogramma.it\\\/es\\\/privacy-policy\\\/#breadcrumb\",\"itemListElement\":[{\"@type\":\"ListItem\",\"position\":1,\"name\":\"Home\",\"item\":\"https:\\\/\\\/duogramma.it\\\/es\\\/pagina-inicial\\\/\"},{\"@type\":\"ListItem\",\"position\":2,\"name\":\"Pol\u00edtica de Privacidad\"}]},{\"@type\":\"WebSite\",\"@id\":\"https:\\\/\\\/duogramma.it\\\/#website\",\"url\":\"https:\\\/\\\/duogramma.it\\\/\",\"name\":\"Duogramma\u00ae\ufe0f\",\"description\":\"Il Duogramma\u00ae\ufe0f\u00e8 una metodologia che esplora le relazioni di coppia della vita di una persona, utilizzato in formazione e in psicoterapia.\",\"publisher\":{\"@id\":\"https:\\\/\\\/duogramma.it\\\/#organization\"},\"potentialAction\":[{\"@type\":\"SearchAction\",\"target\":{\"@type\":\"EntryPoint\",\"urlTemplate\":\"https:\\\/\\\/duogramma.it\\\/?s={search_term_string}\"},\"query-input\":{\"@type\":\"PropertyValueSpecification\",\"valueRequired\":true,\"valueName\":\"search_term_string\"}}],\"inLanguage\":\"es\"},{\"@type\":\"Organization\",\"@id\":\"https:\\\/\\\/duogramma.it\\\/#organization\",\"name\":\"Duogramma\u00ae\ufe0f\",\"url\":\"https:\\\/\\\/duogramma.it\\\/\",\"logo\":{\"@type\":\"ImageObject\",\"inLanguage\":\"es\",\"@id\":\"https:\\\/\\\/duogramma.it\\\/#\\\/schema\\\/logo\\\/image\\\/\",\"url\":\"https:\\\/\\\/duogramma.it\\\/wp-content\\\/uploads\\\/2025\\\/05\\\/duogramma_fav.png\",\"contentUrl\":\"https:\\\/\\\/duogramma.it\\\/wp-content\\\/uploads\\\/2025\\\/05\\\/duogramma_fav.png\",\"width\":192,\"height\":192,\"caption\":\"Duogramma\u00ae\ufe0f\"},\"image\":{\"@id\":\"https:\\\/\\\/duogramma.it\\\/#\\\/schema\\\/logo\\\/image\\\/\"},\"sameAs\":[\"https:\\\/\\\/facebook.com\\\/ilduogramma\",\"https:\\\/\\\/www.instagram.com\\\/ilduogramma\\\/\",\"https:\\\/\\\/www.linkedin.com\\\/company\\\/duogramma\\\/\"]}]}<\/script>\n<!-- \/ Yoast SEO plugin. -->","yoast_head_json":{"title":"Pol\u00edtica de Privacidad &#8212; Duogramma\u00ae\ufe0f","robots":{"index":"index","follow":"follow","max-snippet":"max-snippet:-1","max-image-preview":"max-image-preview:large","max-video-preview":"max-video-preview:-1"},"canonical":"https:\/\/duogramma.it\/es\/privacy-policy\/","og_locale":"es_ES","og_type":"article","og_title":"Pol\u00edtica de Privacidad &#8212; Duogramma\u00ae\ufe0f","og_description":"Pol\u00edtica de Privacidad Consentimiento para el uso de cookies Utilizamos cookies para garantizar el correcto funcionamiento de nuestro sitio web. Para obtener su consentimiento v\u00e1lido para el uso y almacenamiento de cookies en el navegador que utiliza para acceder a nuestro sitio web y documentarlo correctamente, utilizamos una plataforma de gesti\u00f3n de consentimientos: CookieFirst. Esta [&hellip;]","og_url":"https:\/\/duogramma.it\/es\/privacy-policy\/","og_site_name":"Duogramma\u00ae\ufe0f","article_publisher":"https:\/\/facebook.com\/ilduogramma","article_modified_time":"2025-05-16T09:23:01+00:00","og_image":[{"width":1200,"height":675,"url":"https:\/\/duogramma.it\/wp-content\/uploads\/2025\/05\/duogramma_preview.jpg","type":"image\/jpeg"}],"twitter_card":"summary_large_image","twitter_misc":{"Tiempo de lectura":"2 minutos"},"schema":{"@context":"https:\/\/schema.org","@graph":[{"@type":"WebPage","@id":"https:\/\/duogramma.it\/es\/privacy-policy\/","url":"https:\/\/duogramma.it\/es\/privacy-policy\/","name":"Pol\u00edtica de Privacidad &#8212; Duogramma\u00ae\ufe0f","isPartOf":{"@id":"https:\/\/duogramma.it\/#website"},"datePublished":"2025-05-12T07:43:45+00:00","dateModified":"2025-05-16T09:23:01+00:00","breadcrumb":{"@id":"https:\/\/duogramma.it\/es\/privacy-policy\/#breadcrumb"},"inLanguage":"es","potentialAction":[{"@type":"ReadAction","target":["https:\/\/duogramma.it\/es\/privacy-policy\/"]}]},{"@type":"BreadcrumbList","@id":"https:\/\/duogramma.it\/es\/privacy-policy\/#breadcrumb","itemListElement":[{"@type":"ListItem","position":1,"name":"Home","item":"https:\/\/duogramma.it\/es\/pagina-inicial\/"},{"@type":"ListItem","position":2,"name":"Pol\u00edtica de Privacidad"}]},{"@type":"WebSite","@id":"https:\/\/duogramma.it\/#website","url":"https:\/\/duogramma.it\/","name":"Duogramma\u00ae\ufe0f","description":"Il Duogramma\u00ae\ufe0f\u00e8 una metodologia che esplora le relazioni di coppia della vita di una persona, utilizzato in formazione e in psicoterapia.","publisher":{"@id":"https:\/\/duogramma.it\/#organization"},"potentialAction":[{"@type":"SearchAction","target":{"@type":"EntryPoint","urlTemplate":"https:\/\/duogramma.it\/?s={search_term_string}"},"query-input":{"@type":"PropertyValueSpecification","valueRequired":true,"valueName":"search_term_string"}}],"inLanguage":"es"},{"@type":"Organization","@id":"https:\/\/duogramma.it\/#organization","name":"Duogramma\u00ae\ufe0f","url":"https:\/\/duogramma.it\/","logo":{"@type":"ImageObject","inLanguage":"es","@id":"https:\/\/duogramma.it\/#\/schema\/logo\/image\/","url":"https:\/\/duogramma.it\/wp-content\/uploads\/2025\/05\/duogramma_fav.png","contentUrl":"https:\/\/duogramma.it\/wp-content\/uploads\/2025\/05\/duogramma_fav.png","width":192,"height":192,"caption":"Duogramma\u00ae\ufe0f"},"image":{"@id":"https:\/\/duogramma.it\/#\/schema\/logo\/image\/"},"sameAs":["https:\/\/facebook.com\/ilduogramma","https:\/\/www.instagram.com\/ilduogramma\/","https:\/\/www.linkedin.com\/company\/duogramma\/"]}]}},"_links":{"self":[{"href":"https:\/\/duogramma.it\/es\/wp-json\/wp\/v2\/pages\/1006","targetHints":{"allow":["GET"]}}],"collection":[{"href":"https:\/\/duogramma.it\/es\/wp-json\/wp\/v2\/pages"}],"about":[{"href":"https:\/\/duogramma.it\/es\/wp-json\/wp\/v2\/types\/page"}],"author":[{"embeddable":true,"href":"https:\/\/duogramma.it\/es\/wp-json\/wp\/v2\/users\/1"}],"replies":[{"embeddable":true,"href":"https:\/\/duogramma.it\/es\/wp-json\/wp\/v2\/comments?post=1006"}],"version-history":[{"count":1,"href":"https:\/\/duogramma.it\/es\/wp-json\/wp\/v2\/pages\/1006\/revisions"}],"predecessor-version":[{"id":1020,"href":"https:\/\/duogramma.it\/es\/wp-json\/wp\/v2\/pages\/1006\/revisions\/1020"}],"wp:attachment":[{"href":"https:\/\/duogramma.it\/es\/wp-json\/wp\/v2\/media?parent=1006"}],"curies":[{"name":"wp","href":"https:\/\/api.w.org\/{rel}","templated":true}]}}